{"id":1908,"date":"2011-08-23T15:28:35","date_gmt":"2016-09-05T15:35:50","guid":{"rendered":"http:\/\/heakodanik.ee\/en\/in-spanish__trashed\/"},"modified":"2016-12-04T12:31:50","modified_gmt":"2016-12-04T10:31:50","slug":"in-spanish","status":"publish","type":"page","link":"https:\/\/www.heakodanik.ee\/en\/in-spanish\/","title":{"rendered":"In Spanish"},"content":{"rendered":"<h5>C\u00f3digo de \u00e9tica de las organizaciones sin fines de lucro de Estonia<\/h5>\n<h5>Las organizaciones sin fines de lucro valoran la integridad, igualdad, dignidad, franqueza, solidaridad, colaboraci\u00f3n, diversidad y formalidad, y act\u00faan con base en estos valores. Su cooperaci\u00f3n est\u00e1 basada en la buena voluntad, el respeto mutuo y el reconocimiento. Es obligaci\u00f3n de las organizaciones sin fines de lucro contribuir al desarrollo de una sociedad segura, equilibrada y solidaria. Al hacerlo, las organizaciones sin fines de lucro son acompa\u00f1adas en sus actividades diarias por la legislaci\u00f3n de la Rep\u00fablica de Estonia. El C\u00f3digo de \u00c9tica establece los principios que rigen las acciones de las organizaciones de la sociedad sin fines de lucro, lo que incrementa la confianza en ellas y en el sector sin fines de lucro de la sociedad. Principios de funcionamiento \u00e9tico de las organizaciones sin fines de lucro<\/h5>\n<h3>Gobernanza democr\u00e1tica<\/h3>\n<ol>\n<li>Una organizaci\u00f3n sin fines de lucro tiene una misi\u00f3n clara y comprensible. Al llevar a cabo su actividad, una organizaci\u00f3n sin fines de lucro es regida por sus estatutos, documentos internos y est\u00e1ndares de operaci\u00f3n.<\/li>\n<li>Una organizaci\u00f3n sin fines de lucro expresa y representa una diversidad de intereses y necesidades de la gente. Una organizaci\u00f3n sin fines de lucro involucra gente en el desarrollo de la sociedad civil a trav\u00e9s de educaci\u00f3n c\u00edvica, democracia participativa, promoci\u00f3n y otras formas.<\/li>\n<li>Una organizaci\u00f3n sin fines de lucro, como una asociaci\u00f3n de voluntarios de miembros de la sociedad, valora sus miembros, garantiza la gobernanza democr\u00e1tica de la organizaci\u00f3n; sus cuerpos directivos y empleados asumen su responsabilidad y deben responder por malas conductas.<\/li>\n<li>Una organizaci\u00f3n sin fines de lucro considera el involucramiento de la gente y el trabajo voluntario como un fundamento de la sociedad civil, aprecia a los ciudadanos y su trabajo voluntario.<\/li>\n<li>Una organizaci\u00f3n sin fines de lucro persigue consistentemente acciones de calidad, profesionalismo y perfecci\u00f3n para lograr mejores resultados en su trabajo.<\/li>\n<li>Al recibir fondos para sus actividades, principalmente de partidarios y donantes, una organizaci\u00f3n sin fines de lucro utiliza estos fondos eficazmente y conforme los fines establecidos.<\/li>\n<\/ol>\n<h3>\nValent\u00eda c\u00edvica y protecci\u00f3n<\/h3>\n<ol>\n<li>Una organizaci\u00f3n sin fines de lucro demuestra valent\u00eda c\u00edvica al luchar contra la injusticia social.<\/li>\n<li>Al descubrir incompetencia e indiferencia por los principios de justicia social en la legislaci\u00f3n, una organizaci\u00f3n sin fines de lucro trabajar\u00e1 para enmendar tal legislaci\u00f3n.<\/li>\n<li>Una organizaci\u00f3n sin fines de lucro no utiliza o promueve el uso de la violencia para expresar sus opiniones, lograr sus objetivos o llamar la atenci\u00f3n del p\u00fablico.<\/li>\n<\/ol>\n<h3>Sustentabilidad y prudencia en el uso de fondos y recursos<\/h3>\n<ol>\n<li>Para lograr sus objetivos, una organizaci\u00f3n sin fines de lucro utiliza los recursos naturales, humanos e intelectuales, as\u00ed como los bienes materiales y financieros, con criterios de sustentabilidad y prudencia, considerando las necesidades tanto de las generaciones actuales como futuras.<\/li>\n<li>Una organizaci\u00f3n sin fines de lucro, en su capacidad de solicitante y donante, cumplir\u00e1 con los principios de apoyos financieros generalmente aceptados, utiliza presupuestos justificados y transparentes, y evita la duplicaci\u00f3n en el financiamiento.<\/li>\n<\/ol>\n<p><strong>Responsabilidad y rendici\u00f3n de cuentas<\/strong><\/p>\n<ol>\n<li>Una organizaci\u00f3n sin fines de lucro rinde cuentas de sus actividades y es responsable ante los financiadores, miembros, interesados directos, simpatizantes, donantes y el p\u00fablico en general.<\/li>\n<li>Una organizaci\u00f3n sin fines de lucro considera importante su disposici\u00f3n de rendir cuentas de sus actividades, logrado a trav\u00e9s de una gerencia profesional, auditor\u00edas internas y ejerciendo los principios de contabilidad generalmente aceptados.<\/li>\n<li>Una organizaci\u00f3n sin fines de lucro publica un informe de sus actividades y finanzas por lo menos una vez al a\u00f1o.<\/li>\n<\/ol>\n<p><strong>Franqueza y transparencia<\/strong><\/p>\n<ol>\n<li>La informaci\u00f3n respecto a la misi\u00f3n, membres\u00eda, actividades y financiamiento de una organizaci\u00f3n sin fines de lucro es p\u00fablica y comprensible. Sus actividades son transparentes.<\/li>\n<li>Una organizaci\u00f3n sin fines de lucro est\u00e1 en comunicaci\u00f3n abierta y directa con todos los grupos involucrados y no act\u00faa en una forma an\u00f3nima. 3. Una organizaci\u00f3n sin fines de lucro est\u00e1 abierta a ideas y opiniones nuevas y diversas as\u00ed como a la colaboraci\u00f3n para lograr objetivos comunes.<\/li>\n<\/ol>\n<h3>Independencia y evitando conflictos de inter\u00e9s<\/h3>\n<ol>\n<li>Una organizaci\u00f3n sin fines de lucro es independiente en la definici\u00f3n de sus objetivos, decisiones y actividades. Se abstiene de ser controlada por partidos pol\u00edticos, instituciones p\u00fablicas o empresas, lo que podr\u00eda resultar en p\u00e9rdida de su independencia, autonom\u00eda y capacidad para actuar a favor del beneficio p\u00fablico.<\/li>\n<li>Una organizaci\u00f3n sin fines de lucro y sus colaboradores se previene de entrar en un conflicto de inter\u00e9s. En caso de un conflicto de inter\u00e9s se deben aplicar las medidas necesarias para eliminarlo.<\/li>\n<\/ol>\n<h3><strong>Respetando<\/strong> compromisos<strong> y el reconocimiento de la autor\u00eda de ideas<\/strong><\/h3>\n<ol>\n<li>Una organizaci\u00f3n sin fines de lucro respeta todos los contratos escritos y acuerdos verbales.<\/li>\n<li>Una organizaci\u00f3n sin fines de lucro respeta la autor\u00eda y propiedad de ideas y proyectos de otras organizaciones.<\/li>\n<\/ol>\n<h3>Tolerancia<\/h3>\n<ol>\n<li>Una organizaci\u00f3n sin fines de lucro reconoce la diversidad de formas de pensamiento, organizaciones y sus objetivos.<\/li>\n<li>Al proteger sus opiniones y al discutir las de otras organizaciones, una organizaci\u00f3n sin fines de lucro no ridiculiza o insulta otras organizaciones, sus opiniones o personas activas en estas organizaciones.<\/li>\n<\/ol>\n<p>Este c\u00f3digo fue elaborado en el a\u00f1o 2002 como Decisi\u00f3n Conjunta de la Segunda Asamblea<br \/>\nGeneral de la Mesa Redonda de organizaciones sin fines de lucro de Estonia.<\/p>\n","protected":false},"excerpt":{"rendered":"<p>C\u00f3digo de \u00e9tica de las organizaciones sin fines de lucro de Estonia Las organizaciones sin fines de lucro valoran la integridad, igualdad, dignidad, franqueza, solidaridad, colaboraci\u00f3n, diversidad y formalidad, y act\u00faan con base en estos valores. Su cooperaci\u00f3n est\u00e1 basada en la buena voluntad, el respeto mutuo y el reconocimiento. Es obligaci\u00f3n de las organizaciones [&hellip;]<\/p>\n","protected":false},"author":12,"featured_media":0,"parent":0,"menu_order":0,"comment_status":"closed","ping_status":"closed","template":"","meta":{"_acf_changed":false,"footnotes":""},"class_list":["post-1908","page","type-page","status-publish","hentry"],"acf":[],"yoast_head":"<!-- This site is optimized with the Yoast SEO plugin v27.3 - https:\/\/yoast.com\/product\/yoast-seo-wordpress\/ -->\n<title>In Spanish - Network of Estonian Nonprofit Organizations<\/title>\n<meta name=\"robots\" content=\"index, follow, max-snippet:-1, max-image-preview:large, max-video-preview:-1\" \/>\n<link rel=\"canonical\" href=\"https:\/\/www.heakodanik.ee\/en\/in-spanish\/\" \/>\n<meta property=\"og:locale\" content=\"en_US\" \/>\n<meta property=\"og:type\" content=\"article\" \/>\n<meta property=\"og:title\" content=\"In Spanish - Network of Estonian Nonprofit Organizations\" \/>\n<meta property=\"og:description\" content=\"C\u00f3digo de \u00e9tica de las organizaciones sin fines de lucro de Estonia Las organizaciones sin fines de lucro valoran la integridad, igualdad, dignidad, franqueza, solidaridad, colaboraci\u00f3n, diversidad y formalidad, y act\u00faan con base en estos valores. Su cooperaci\u00f3n est\u00e1 basada en la buena voluntad, el respeto mutuo y el reconocimiento. Es obligaci\u00f3n de las organizaciones [&hellip;]\" \/>\n<meta property=\"og:url\" content=\"https:\/\/www.heakodanik.ee\/en\/in-spanish\/\" \/>\n<meta property=\"og:site_name\" content=\"Network of Estonian Nonprofit Organizations\" \/>\n<meta property=\"article:modified_time\" content=\"2016-12-04T10:31:50+00:00\" \/>\n<meta name=\"twitter:card\" content=\"summary_large_image\" \/>\n<meta name=\"twitter:label1\" content=\"Est. reading time\" \/>\n\t<meta name=\"twitter:data1\" content=\"5 minutes\" \/>\n<script type=\"application\/ld+json\" class=\"yoast-schema-graph\">{\"@context\":\"https:\\\/\\\/schema.org\",\"@graph\":[{\"@type\":\"WebPage\",\"@id\":\"https:\\\/\\\/www.heakodanik.ee\\\/en\\\/in-spanish\\\/\",\"url\":\"https:\\\/\\\/www.heakodanik.ee\\\/en\\\/in-spanish\\\/\",\"name\":\"In Spanish - Network of Estonian Nonprofit Organizations\",\"isPartOf\":{\"@id\":\"https:\\\/\\\/www.heakodanik.ee\\\/en\\\/#website\"},\"datePublished\":\"2016-09-05T15:35:50+00:00\",\"dateModified\":\"2016-12-04T10:31:50+00:00\",\"breadcrumb\":{\"@id\":\"https:\\\/\\\/www.heakodanik.ee\\\/en\\\/in-spanish\\\/#breadcrumb\"},\"inLanguage\":\"en-US\",\"potentialAction\":[{\"@type\":\"ReadAction\",\"target\":[\"https:\\\/\\\/www.heakodanik.ee\\\/en\\\/in-spanish\\\/\"]}]},{\"@type\":\"BreadcrumbList\",\"@id\":\"https:\\\/\\\/www.heakodanik.ee\\\/en\\\/in-spanish\\\/#breadcrumb\",\"itemListElement\":[{\"@type\":\"ListItem\",\"position\":1,\"name\":\"Home\",\"item\":\"https:\\\/\\\/www.heakodanik.ee\\\/en\\\/\"},{\"@type\":\"ListItem\",\"position\":2,\"name\":\"In Spanish\"}]},{\"@type\":\"WebSite\",\"@id\":\"https:\\\/\\\/www.heakodanik.ee\\\/en\\\/#website\",\"url\":\"https:\\\/\\\/www.heakodanik.ee\\\/en\\\/\",\"name\":\"Network of Estonian Nonprofit Organizations\",\"description\":\"Network of Estonian Nonprofit Organizations, NENO (or EMSL in Estonian) is the single and largest Estonian organization uniting public benefit nonprofit organizations.\",\"potentialAction\":[{\"@type\":\"SearchAction\",\"target\":{\"@type\":\"EntryPoint\",\"urlTemplate\":\"https:\\\/\\\/www.heakodanik.ee\\\/en\\\/?s={search_term_string}\"},\"query-input\":{\"@type\":\"PropertyValueSpecification\",\"valueRequired\":true,\"valueName\":\"search_term_string\"}}],\"inLanguage\":\"en-US\"}]}<\/script>\n<!-- \/ Yoast SEO plugin. -->","yoast_head_json":{"title":"In Spanish - Network of Estonian Nonprofit Organizations","robots":{"index":"index","follow":"follow","max-snippet":"max-snippet:-1","max-image-preview":"max-image-preview:large","max-video-preview":"max-video-preview:-1"},"canonical":"https:\/\/www.heakodanik.ee\/en\/in-spanish\/","og_locale":"en_US","og_type":"article","og_title":"In Spanish - Network of Estonian Nonprofit Organizations","og_description":"C\u00f3digo de \u00e9tica de las organizaciones sin fines de lucro de Estonia Las organizaciones sin fines de lucro valoran la integridad, igualdad, dignidad, franqueza, solidaridad, colaboraci\u00f3n, diversidad y formalidad, y act\u00faan con base en estos valores. Su cooperaci\u00f3n est\u00e1 basada en la buena voluntad, el respeto mutuo y el reconocimiento. Es obligaci\u00f3n de las organizaciones [&hellip;]","og_url":"https:\/\/www.heakodanik.ee\/en\/in-spanish\/","og_site_name":"Network of Estonian Nonprofit Organizations","article_modified_time":"2016-12-04T10:31:50+00:00","twitter_card":"summary_large_image","twitter_misc":{"Est. reading time":"5 minutes"},"schema":{"@context":"https:\/\/schema.org","@graph":[{"@type":"WebPage","@id":"https:\/\/www.heakodanik.ee\/en\/in-spanish\/","url":"https:\/\/www.heakodanik.ee\/en\/in-spanish\/","name":"In Spanish - Network of Estonian Nonprofit Organizations","isPartOf":{"@id":"https:\/\/www.heakodanik.ee\/en\/#website"},"datePublished":"2016-09-05T15:35:50+00:00","dateModified":"2016-12-04T10:31:50+00:00","breadcrumb":{"@id":"https:\/\/www.heakodanik.ee\/en\/in-spanish\/#breadcrumb"},"inLanguage":"en-US","potentialAction":[{"@type":"ReadAction","target":["https:\/\/www.heakodanik.ee\/en\/in-spanish\/"]}]},{"@type":"BreadcrumbList","@id":"https:\/\/www.heakodanik.ee\/en\/in-spanish\/#breadcrumb","itemListElement":[{"@type":"ListItem","position":1,"name":"Home","item":"https:\/\/www.heakodanik.ee\/en\/"},{"@type":"ListItem","position":2,"name":"In Spanish"}]},{"@type":"WebSite","@id":"https:\/\/www.heakodanik.ee\/en\/#website","url":"https:\/\/www.heakodanik.ee\/en\/","name":"Network of Estonian Nonprofit Organizations","description":"Network of Estonian Nonprofit Organizations, NENO (or EMSL in Estonian) is the single and largest Estonian organization uniting public benefit nonprofit organizations.","potentialAction":[{"@type":"SearchAction","target":{"@type":"EntryPoint","urlTemplate":"https:\/\/www.heakodanik.ee\/en\/?s={search_term_string}"},"query-input":{"@type":"PropertyValueSpecification","valueRequired":true,"valueName":"search_term_string"}}],"inLanguage":"en-US"}]}},"_links":{"self":[{"href":"https:\/\/www.heakodanik.ee\/en\/wp-json\/wp\/v2\/pages\/1908","targetHints":{"allow":["GET"]}}],"collection":[{"href":"https:\/\/www.heakodanik.ee\/en\/wp-json\/wp\/v2\/pages"}],"about":[{"href":"https:\/\/www.heakodanik.ee\/en\/wp-json\/wp\/v2\/types\/page"}],"author":[{"embeddable":true,"href":"https:\/\/www.heakodanik.ee\/en\/wp-json\/wp\/v2\/users\/12"}],"replies":[{"embeddable":true,"href":"https:\/\/www.heakodanik.ee\/en\/wp-json\/wp\/v2\/comments?post=1908"}],"version-history":[{"count":3,"href":"https:\/\/www.heakodanik.ee\/en\/wp-json\/wp\/v2\/pages\/1908\/revisions"}],"predecessor-version":[{"id":15467,"href":"https:\/\/www.heakodanik.ee\/en\/wp-json\/wp\/v2\/pages\/1908\/revisions\/15467"}],"wp:attachment":[{"href":"https:\/\/www.heakodanik.ee\/en\/wp-json\/wp\/v2\/media?parent=1908"}],"curies":[{"name":"wp","href":"https:\/\/api.w.org\/{rel}","templated":true}]}}