{"id":286,"date":"2011-03-30T01:47:13","date_gmt":"2016-09-05T15:35:48","guid":{"rendered":"http:\/\/heakodanik.ee\/en\/our-team__trashed\/"},"modified":"2025-06-26T13:44:27","modified_gmt":"2025-06-26T10:44:27","slug":"our-team","status":"publish","type":"page","link":"https:\/\/www.heakodanik.ee\/en\/our-team\/","title":{"rendered":"Our Team"},"content":{"rendered":"<h5>Network of Estonian Nonprofit Organizations<\/h5>\n<p>Telliskivi 60a, 10412 Tallinn, Estonia (Telliskivi Creative City, A3 building)<br \/>\nPhone +372 664 5077<br \/>\nE-mail\u00a0<a href=\"mailto:info@heakodanik.ee\">info-at-heakodanik.ee<\/a><br \/>\nBank details: Swedbank,\u00a0 Tallinn, Liivalaia 8, 15040, Estonia<br \/>\nIBAN EE982200001120106317, SWIFT: HABAEE2X<\/p>\n<div class=\"wp-block-image\"><img loading=\"lazy\" decoding=\"async\" class=\"wpa-warning wpa-image-missing-alt alignnone size-medium wp-image-16847\" src=\"https:\/\/www.heakodanik.ee\/en\/wp-content\/uploads\/sites\/2\/2025\/03\/A9A2716-Edit-300x200.jpg\" alt=\"\" width=\"300\" height=\"200\" data-warning=\"Missing alt text\" srcset=\"https:\/\/heakodanik.ee\/en\/wp-content\/uploads\/sites\/2\/2025\/03\/A9A2716-Edit-300x200.jpg 300w, https:\/\/heakodanik.ee\/en\/wp-content\/uploads\/sites\/2\/2025\/03\/A9A2716-Edit-1024x683.jpg 1024w, https:\/\/heakodanik.ee\/en\/wp-content\/uploads\/sites\/2\/2025\/03\/A9A2716-Edit-768x512.jpg 768w, https:\/\/heakodanik.ee\/en\/wp-content\/uploads\/sites\/2\/2025\/03\/A9A2716-Edit-1536x1024.jpg 1536w, https:\/\/heakodanik.ee\/en\/wp-content\/uploads\/sites\/2\/2025\/03\/A9A2716-Edit.jpg 2048w\" sizes=\"auto, (max-width: 300px) 100vw, 300px\" \/><\/div>\n<hr \/>\n<h4>TRIIN TOOMESAAR, EXECUTIVE DIRECTOR<\/h4>\n<p><a href=\"mailto:triin@heakodanik.ee\">triin-\u00e4t-heakodanik.ee<\/a><\/p>\n<p>Triin holds a Bachelor&#8217;s degree in Public Administration from TalTech and a Master&#8217;s degree in Political Science from Tallinn University. For a long time, she worked as the CEO of the Bullying Free School Foundation and has been involved in the work of several other NGOs in a smaller or larger role, as well as in her role as a freelance advisor to President Kersti Kaljulaid. Triin is an alumnus of the Youth to School (Noored Kooli) programme and still finds easy applications for her educational passion, both as an instructor of an information literacy course at secondary school and as a lecturer on civil society at university.<\/p>\n<div class=\"wp-block-image\"><img loading=\"lazy\" decoding=\"async\" class=\"wpa-warning wpa-image-missing-alt alignnone size-medium wp-image-16710\" src=\"https:\/\/heakodanik.ee\/en\/wp-content\/uploads\/sites\/2\/2024\/06\/A9A2535-Edit-2-300x200.jpg\" alt=\"\" width=\"300\" height=\"200\" data-warning=\"Missing alt text\" srcset=\"https:\/\/heakodanik.ee\/en\/wp-content\/uploads\/sites\/2\/2024\/06\/A9A2535-Edit-2-300x200.jpg 300w, https:\/\/heakodanik.ee\/en\/wp-content\/uploads\/sites\/2\/2024\/06\/A9A2535-Edit-2-1024x683.jpg 1024w, https:\/\/heakodanik.ee\/en\/wp-content\/uploads\/sites\/2\/2024\/06\/A9A2535-Edit-2-768x512.jpg 768w, https:\/\/heakodanik.ee\/en\/wp-content\/uploads\/sites\/2\/2024\/06\/A9A2535-Edit-2-1536x1024.jpg 1536w, https:\/\/heakodanik.ee\/en\/wp-content\/uploads\/sites\/2\/2024\/06\/A9A2535-Edit-2.jpg 2048w\" sizes=\"auto, (max-width: 300px) 100vw, 300px\" \/><\/div>\n<hr \/>\n<h4>ANDRA ROOSMETS, COMMUNICATION<\/h4>\n<p>5554 0507 |\u00a0<a href=\"mailto:andra@heakodanik.ee\">andra-\u00e4t-heakodanik.ee<\/a><\/p>\n<p>Andra is responsible for communication in NENO. She makes sure that the readers of our online magazine\u00a0&#8220;Hea Kodanik&#8220;\u00a0and our Facebook page are up to date on the activities of the union, its members and civil society in general. Andra has a master&#8217;s degree in cultural and communication management and has previously worked in the field of communication and marketing for various museums for more than eight years. As a volunteer, Andra took part in music and theater festivals, Taimne teisip\u00e4ev events and many more. Andra believes that sharing information about activities with partners and other interested parties helps to increase the significance of our union&#8217;s values and work.<\/p>\n<div class=\"wp-block-image\"><img loading=\"lazy\" decoding=\"async\" class=\"wpa-warning wpa-image-missing-alt alignnone size-medium wp-image-16843\" src=\"https:\/\/www.heakodanik.ee\/en\/wp-content\/uploads\/sites\/2\/2025\/03\/A9A2090-Edit-300x200.jpg\" alt=\"\" width=\"300\" height=\"200\" data-warning=\"Missing alt text\" srcset=\"https:\/\/heakodanik.ee\/en\/wp-content\/uploads\/sites\/2\/2025\/03\/A9A2090-Edit-300x200.jpg 300w, https:\/\/heakodanik.ee\/en\/wp-content\/uploads\/sites\/2\/2025\/03\/A9A2090-Edit-1024x683.jpg 1024w, https:\/\/heakodanik.ee\/en\/wp-content\/uploads\/sites\/2\/2025\/03\/A9A2090-Edit-768x512.jpg 768w, https:\/\/heakodanik.ee\/en\/wp-content\/uploads\/sites\/2\/2025\/03\/A9A2090-Edit-1536x1024.jpg 1536w, https:\/\/heakodanik.ee\/en\/wp-content\/uploads\/sites\/2\/2025\/03\/A9A2090-Edit.jpg 2048w\" sizes=\"auto, (max-width: 300px) 100vw, 300px\" \/><\/div>\n<hr \/>\n<h4>MARCUS EHASOO, ADVOCACY<\/h4>\n<p>5343 2142 |\u00a0<a href=\"mailto:marcus@heakodanik.ee\">marcus-\u00e4t-heakodanik.ee<\/a><\/p>\n<p>Marcus is responsible for advocating issues at NENO. Marcus has a bachelor&#8217;s degree in law from the Faculty of Law of the University of Tartu and is currently in the process of acquiring a master&#8217;s degree in educational management at Tallinn University. For a long time Marcus has led advocacy organizations in the field of education mostly, therefore he has a clear vision of how advocacy works in the CSO\u2019s and what direction should be followed. He is convinced that the relations between civil society and the government should be more substantial in order to jointly contribute to the society\u2019s development.<\/p>\n<div class=\"wp-block-image\">\n<div class=\"wp-block-image\"><img loading=\"lazy\" decoding=\"async\" class=\"wpa-warning wpa-image-missing-alt alignnone size-medium wp-image-16845\" src=\"https:\/\/www.heakodanik.ee\/en\/wp-content\/uploads\/sites\/2\/2025\/03\/A9A2587-Edit-300x200.jpg\" alt=\"\" width=\"300\" height=\"200\" data-warning=\"Missing alt text\" srcset=\"https:\/\/heakodanik.ee\/en\/wp-content\/uploads\/sites\/2\/2025\/03\/A9A2587-Edit-300x200.jpg 300w, https:\/\/heakodanik.ee\/en\/wp-content\/uploads\/sites\/2\/2025\/03\/A9A2587-Edit-1024x683.jpg 1024w, https:\/\/heakodanik.ee\/en\/wp-content\/uploads\/sites\/2\/2025\/03\/A9A2587-Edit-768x512.jpg 768w, https:\/\/heakodanik.ee\/en\/wp-content\/uploads\/sites\/2\/2025\/03\/A9A2587-Edit-1536x1024.jpg 1536w, https:\/\/heakodanik.ee\/en\/wp-content\/uploads\/sites\/2\/2025\/03\/A9A2587-Edit.jpg 2048w\" sizes=\"auto, (max-width: 300px) 100vw, 300px\" \/><\/div>\n<\/div>\n<hr \/>\n<div class=\"wp-block-image\"><\/div>\n<h4>HELEENE LIPPMAA-ALLIKSOO, MEMBERS<\/h4>\n<p><em>On parental leave<\/em><\/p>\n<p>Heleene deals with members and networks. Everything to make members stand out in the activities of civil society and also to make the activities of the networks more visible and effective. In addition, Heleene runs a network of fundraisers. She graduated with a bachelor&#8217;s degree in TalTech in Public Administration and Political Science and is a 14th Noored Kooli programme graduate. Heleene believes that openness, cooperation and setting common goals are the basics of a strong civil society.<\/p>\n<div class=\"wp-block-image\"><img loading=\"lazy\" decoding=\"async\" class=\"wpa-warning wpa-image-missing-alt alignnone size-medium wp-image-16844\" src=\"https:\/\/www.heakodanik.ee\/en\/wp-content\/uploads\/sites\/2\/2025\/03\/A9A2186-Edit-2-300x200.jpg\" alt=\"\" width=\"300\" height=\"200\" data-warning=\"Missing alt text\" srcset=\"https:\/\/heakodanik.ee\/en\/wp-content\/uploads\/sites\/2\/2025\/03\/A9A2186-Edit-2-300x200.jpg 300w, https:\/\/heakodanik.ee\/en\/wp-content\/uploads\/sites\/2\/2025\/03\/A9A2186-Edit-2-1024x683.jpg 1024w, https:\/\/heakodanik.ee\/en\/wp-content\/uploads\/sites\/2\/2025\/03\/A9A2186-Edit-2-768x512.jpg 768w, https:\/\/heakodanik.ee\/en\/wp-content\/uploads\/sites\/2\/2025\/03\/A9A2186-Edit-2-1536x1024.jpg 1536w, https:\/\/heakodanik.ee\/en\/wp-content\/uploads\/sites\/2\/2025\/03\/A9A2186-Edit-2.jpg 2048w\" sizes=\"auto, (max-width: 300px) 100vw, 300px\" \/><\/div>\n<hr \/>\n<h4>MAARJA-LIISA KAPAUN, ADVOCACY<\/h4>\n<p><a href=\"mailto:heleene@heakodanik.ee\">maarjaliisa-\u00e4t-heakodanik.ee<\/a><\/p>\n<p>My role as an advocacy specialist at the NENO is to support organisations in developing their advocacy capacity and to contribute to the development of advocacy skills in the voluntary sector. I have a degree in nursing and a master&#8217;s degree in social change management from the University of Tartu. Previously, I worked for a long time in the public sector, specifically in the Emergency Response Centre as a development expert, assessing service quality and participating in IT projects. I value the contribution of the voluntary sector to the functioning of society and would like to see the development of cross-sectoral cooperation.<\/p>\n<div class=\"wp-block-image\"><img loading=\"lazy\" decoding=\"async\" class=\"wpa-warning wpa-image-missing-alt alignnone size-medium wp-image-16846\" src=\"https:\/\/www.heakodanik.ee\/en\/wp-content\/uploads\/sites\/2\/2025\/03\/A9A2700-Edit-300x200.jpg\" alt=\"\" width=\"300\" height=\"200\" data-warning=\"Missing alt text\" srcset=\"https:\/\/heakodanik.ee\/en\/wp-content\/uploads\/sites\/2\/2025\/03\/A9A2700-Edit-300x200.jpg 300w, https:\/\/heakodanik.ee\/en\/wp-content\/uploads\/sites\/2\/2025\/03\/A9A2700-Edit-1024x683.jpg 1024w, https:\/\/heakodanik.ee\/en\/wp-content\/uploads\/sites\/2\/2025\/03\/A9A2700-Edit-768x512.jpg 768w, https:\/\/heakodanik.ee\/en\/wp-content\/uploads\/sites\/2\/2025\/03\/A9A2700-Edit-1536x1024.jpg 1536w, https:\/\/heakodanik.ee\/en\/wp-content\/uploads\/sites\/2\/2025\/03\/A9A2700-Edit.jpg 2048w\" sizes=\"auto, (max-width: 300px) 100vw, 300px\" \/><\/div>\n<hr \/>\n<h3>People and organisations that also support us:<\/h3>\n<ul>\n<li>Alari Rammo &#8211; advocacy, law<\/li>\n<li>Kaidi Pugal &#8211; accounting<\/li>\n<\/ul>\n<p>We share office space with strong NGOs nooredkooli.ee, tagasikooli.ee, kiusamisvaba.ee, spinprogramm.ee, terveilm.ee, k6k.ee, nyh.ee, koosloome.ee, loomus.ee, feministeerium.ee, transinimesed.ee, muuseum.ee, stl.ee and others.<\/p>\n<p>NENO (until 1997 the Estonian Foundation Centre, until 2018 EMSL) was led by: Ms Rita Tamm (1992-95), Ms Heli Kask (1995-96), Ms Heli Aru (1996-98), Ms Kadri Kopli (1998-2000), Ms Kristina M\u00e4nd (2000-05), Ms Marit Otsing (fixed term 2006), Mr Urmo K\u00fcbar (2006-13), Ms Maris J\u00f5geva (2013-17) and Ms Kai Klandorf (2018-2023).<\/p>\n<p>See also who is on the <a href=\"https:\/\/heakodanik.ee\/noukogu\/\">Council<\/a> of NENO and who represents NENO and its members on which <a href=\"https:\/\/heakodanik.ee\/kus-ja-keda-vabauhenduste-liit-esindab\/\">committees and working groups<\/a>.<\/p>\n<p>Click here for the <a href=\"https:\/\/heakodanik.ee\/logod\/\">logos<\/a>.<\/p>\n<p><strong>Many thanks to all the helpful friends, volunteers, trainers and consultants!<\/strong><\/p>\n","protected":false},"excerpt":{"rendered":"<p>Network of Estonian Nonprofit Organizations Telliskivi 60a, 10412 Tallinn, Estonia (Telliskivi Creative City, A3 building) Phone +372 664 5077 E-mail\u00a0info-at-heakodanik.ee Bank details: Swedbank,\u00a0 Tallinn, Liivalaia 8, 15040, Estonia IBAN EE982200001120106317, SWIFT: HABAEE2X TRIIN TOOMESAAR, EXECUTIVE DIRECTOR triin-\u00e4t-heakodanik.ee Triin holds a Bachelor&#8217;s degree in Public Administration from TalTech and a Master&#8217;s degree in Political Science from [&hellip;]<\/p>\n","protected":false},"author":12,"featured_media":0,"parent":0,"menu_order":0,"comment_status":"closed","ping_status":"closed","template":"","meta":{"_acf_changed":false,"footnotes":""},"class_list":["post-286","page","type-page","status-publish","hentry"],"acf":[],"yoast_head":"<!-- This site is optimized with the Yoast SEO plugin v27.4 - https:\/\/yoast.com\/product\/yoast-seo-wordpress\/ -->\n<title>Our Team - Network of Estonian Nonprofit Organizations<\/title>\n<meta name=\"robots\" content=\"index, follow, max-snippet:-1, max-image-preview:large, max-video-preview:-1\" \/>\n<link rel=\"canonical\" href=\"https:\/\/heakodanik.ee\/en\/our-team\/\" \/>\n<meta property=\"og:locale\" content=\"en_US\" \/>\n<meta property=\"og:type\" content=\"article\" \/>\n<meta property=\"og:title\" content=\"Our Team - Network of Estonian Nonprofit Organizations\" \/>\n<meta property=\"og:description\" content=\"Network of Estonian Nonprofit Organizations Telliskivi 60a, 10412 Tallinn, Estonia (Telliskivi Creative City, A3 building) Phone +372 664 5077 E-mail\u00a0info-at-heakodanik.ee Bank details: Swedbank,\u00a0 Tallinn, Liivalaia 8, 15040, Estonia IBAN EE982200001120106317, SWIFT: HABAEE2X TRIIN TOOMESAAR, EXECUTIVE DIRECTOR triin-\u00e4t-heakodanik.ee Triin holds a Bachelor&#8217;s degree in Public Administration from TalTech and a Master&#8217;s degree in Political Science from [&hellip;]\" \/>\n<meta property=\"og:url\" content=\"https:\/\/heakodanik.ee\/en\/our-team\/\" \/>\n<meta property=\"og:site_name\" content=\"Network of Estonian Nonprofit Organizations\" \/>\n<meta property=\"article:modified_time\" content=\"2025-06-26T10:44:27+00:00\" \/>\n<meta property=\"og:image\" content=\"https:\/\/www.heakodanik.ee\/en\/wp-content\/uploads\/sites\/2\/2025\/03\/A9A2716-Edit-300x200.jpg\" \/>\n<meta name=\"twitter:card\" content=\"summary_large_image\" \/>\n<meta name=\"twitter:label1\" content=\"Est. reading time\" \/>\n\t<meta name=\"twitter:data1\" content=\"5 minutes\" \/>\n<script type=\"application\/ld+json\" class=\"yoast-schema-graph\">{\"@context\":\"https:\\\/\\\/schema.org\",\"@graph\":[{\"@type\":\"WebPage\",\"@id\":\"https:\\\/\\\/heakodanik.ee\\\/en\\\/our-team\\\/\",\"url\":\"https:\\\/\\\/heakodanik.ee\\\/en\\\/our-team\\\/\",\"name\":\"Our Team - Network of Estonian Nonprofit Organizations\",\"isPartOf\":{\"@id\":\"https:\\\/\\\/www.heakodanik.ee\\\/en\\\/#website\"},\"primaryImageOfPage\":{\"@id\":\"https:\\\/\\\/heakodanik.ee\\\/en\\\/our-team\\\/#primaryimage\"},\"image\":{\"@id\":\"https:\\\/\\\/heakodanik.ee\\\/en\\\/our-team\\\/#primaryimage\"},\"thumbnailUrl\":\"https:\\\/\\\/www.heakodanik.ee\\\/en\\\/wp-content\\\/uploads\\\/sites\\\/2\\\/2025\\\/03\\\/A9A2716-Edit-300x200.jpg\",\"datePublished\":\"2016-09-05T15:35:48+00:00\",\"dateModified\":\"2025-06-26T10:44:27+00:00\",\"breadcrumb\":{\"@id\":\"https:\\\/\\\/heakodanik.ee\\\/en\\\/our-team\\\/#breadcrumb\"},\"inLanguage\":\"en-US\",\"potentialAction\":[{\"@type\":\"ReadAction\",\"target\":[\"https:\\\/\\\/heakodanik.ee\\\/en\\\/our-team\\\/\"]}]},{\"@type\":\"ImageObject\",\"inLanguage\":\"en-US\",\"@id\":\"https:\\\/\\\/heakodanik.ee\\\/en\\\/our-team\\\/#primaryimage\",\"url\":\"https:\\\/\\\/www.heakodanik.ee\\\/en\\\/wp-content\\\/uploads\\\/sites\\\/2\\\/2025\\\/03\\\/A9A2716-Edit-300x200.jpg\",\"contentUrl\":\"https:\\\/\\\/www.heakodanik.ee\\\/en\\\/wp-content\\\/uploads\\\/sites\\\/2\\\/2025\\\/03\\\/A9A2716-Edit-300x200.jpg\"},{\"@type\":\"BreadcrumbList\",\"@id\":\"https:\\\/\\\/heakodanik.ee\\\/en\\\/our-team\\\/#breadcrumb\",\"itemListElement\":[{\"@type\":\"ListItem\",\"position\":1,\"name\":\"Home\",\"item\":\"https:\\\/\\\/www.heakodanik.ee\\\/en\\\/\"},{\"@type\":\"ListItem\",\"position\":2,\"name\":\"Our Team\"}]},{\"@type\":\"WebSite\",\"@id\":\"https:\\\/\\\/www.heakodanik.ee\\\/en\\\/#website\",\"url\":\"https:\\\/\\\/www.heakodanik.ee\\\/en\\\/\",\"name\":\"Network of Estonian Nonprofit Organizations\",\"description\":\"Network of Estonian Nonprofit Organizations, NENO (or EMSL in Estonian) is the single and largest Estonian organization uniting public benefit nonprofit organizations.\",\"potentialAction\":[{\"@type\":\"SearchAction\",\"target\":{\"@type\":\"EntryPoint\",\"urlTemplate\":\"https:\\\/\\\/www.heakodanik.ee\\\/en\\\/?s={search_term_string}\"},\"query-input\":{\"@type\":\"PropertyValueSpecification\",\"valueRequired\":true,\"valueName\":\"search_term_string\"}}],\"inLanguage\":\"en-US\"}]}<\/script>\n<!-- \/ Yoast SEO plugin. -->","yoast_head_json":{"title":"Our Team - Network of Estonian Nonprofit Organizations","robots":{"index":"index","follow":"follow","max-snippet":"max-snippet:-1","max-image-preview":"max-image-preview:large","max-video-preview":"max-video-preview:-1"},"canonical":"https:\/\/heakodanik.ee\/en\/our-team\/","og_locale":"en_US","og_type":"article","og_title":"Our Team - Network of Estonian Nonprofit Organizations","og_description":"Network of Estonian Nonprofit Organizations Telliskivi 60a, 10412 Tallinn, Estonia (Telliskivi Creative City, A3 building) Phone +372 664 5077 E-mail\u00a0info-at-heakodanik.ee Bank details: Swedbank,\u00a0 Tallinn, Liivalaia 8, 15040, Estonia IBAN EE982200001120106317, SWIFT: HABAEE2X TRIIN TOOMESAAR, EXECUTIVE DIRECTOR triin-\u00e4t-heakodanik.ee Triin holds a Bachelor&#8217;s degree in Public Administration from TalTech and a Master&#8217;s degree in Political Science from [&hellip;]","og_url":"https:\/\/heakodanik.ee\/en\/our-team\/","og_site_name":"Network of Estonian Nonprofit Organizations","article_modified_time":"2025-06-26T10:44:27+00:00","og_image":[{"url":"https:\/\/www.heakodanik.ee\/en\/wp-content\/uploads\/sites\/2\/2025\/03\/A9A2716-Edit-300x200.jpg","type":"","width":"","height":""}],"twitter_card":"summary_large_image","twitter_misc":{"Est. reading time":"5 minutes"},"schema":{"@context":"https:\/\/schema.org","@graph":[{"@type":"WebPage","@id":"https:\/\/heakodanik.ee\/en\/our-team\/","url":"https:\/\/heakodanik.ee\/en\/our-team\/","name":"Our Team - Network of Estonian Nonprofit Organizations","isPartOf":{"@id":"https:\/\/www.heakodanik.ee\/en\/#website"},"primaryImageOfPage":{"@id":"https:\/\/heakodanik.ee\/en\/our-team\/#primaryimage"},"image":{"@id":"https:\/\/heakodanik.ee\/en\/our-team\/#primaryimage"},"thumbnailUrl":"https:\/\/www.heakodanik.ee\/en\/wp-content\/uploads\/sites\/2\/2025\/03\/A9A2716-Edit-300x200.jpg","datePublished":"2016-09-05T15:35:48+00:00","dateModified":"2025-06-26T10:44:27+00:00","breadcrumb":{"@id":"https:\/\/heakodanik.ee\/en\/our-team\/#breadcrumb"},"inLanguage":"en-US","potentialAction":[{"@type":"ReadAction","target":["https:\/\/heakodanik.ee\/en\/our-team\/"]}]},{"@type":"ImageObject","inLanguage":"en-US","@id":"https:\/\/heakodanik.ee\/en\/our-team\/#primaryimage","url":"https:\/\/www.heakodanik.ee\/en\/wp-content\/uploads\/sites\/2\/2025\/03\/A9A2716-Edit-300x200.jpg","contentUrl":"https:\/\/www.heakodanik.ee\/en\/wp-content\/uploads\/sites\/2\/2025\/03\/A9A2716-Edit-300x200.jpg"},{"@type":"BreadcrumbList","@id":"https:\/\/heakodanik.ee\/en\/our-team\/#breadcrumb","itemListElement":[{"@type":"ListItem","position":1,"name":"Home","item":"https:\/\/www.heakodanik.ee\/en\/"},{"@type":"ListItem","position":2,"name":"Our Team"}]},{"@type":"WebSite","@id":"https:\/\/www.heakodanik.ee\/en\/#website","url":"https:\/\/www.heakodanik.ee\/en\/","name":"Network of Estonian Nonprofit Organizations","description":"Network of Estonian Nonprofit Organizations, NENO (or EMSL in Estonian) is the single and largest Estonian organization uniting public benefit nonprofit organizations.","potentialAction":[{"@type":"SearchAction","target":{"@type":"EntryPoint","urlTemplate":"https:\/\/www.heakodanik.ee\/en\/?s={search_term_string}"},"query-input":{"@type":"PropertyValueSpecification","valueRequired":true,"valueName":"search_term_string"}}],"inLanguage":"en-US"}]}},"_links":{"self":[{"href":"https:\/\/www.heakodanik.ee\/en\/wp-json\/wp\/v2\/pages\/286","targetHints":{"allow":["GET"]}}],"collection":[{"href":"https:\/\/www.heakodanik.ee\/en\/wp-json\/wp\/v2\/pages"}],"about":[{"href":"https:\/\/www.heakodanik.ee\/en\/wp-json\/wp\/v2\/types\/page"}],"author":[{"embeddable":true,"href":"https:\/\/www.heakodanik.ee\/en\/wp-json\/wp\/v2\/users\/12"}],"replies":[{"embeddable":true,"href":"https:\/\/www.heakodanik.ee\/en\/wp-json\/wp\/v2\/comments?post=286"}],"version-history":[{"count":5,"href":"https:\/\/www.heakodanik.ee\/en\/wp-json\/wp\/v2\/pages\/286\/revisions"}],"predecessor-version":[{"id":16905,"href":"https:\/\/www.heakodanik.ee\/en\/wp-json\/wp\/v2\/pages\/286\/revisions\/16905"}],"wp:attachment":[{"href":"https:\/\/www.heakodanik.ee\/en\/wp-json\/wp\/v2\/media?parent=286"}],"curies":[{"name":"wp","href":"https:\/\/api.w.org\/{rel}","templated":true}]}}