{"id":11989,"date":"2017-08-27T12:32:05","date_gmt":"2017-08-27T09:32:05","guid":{"rendered":"http:\/\/heakodanik.ee\/ru\/?page_id=11989"},"modified":"2018-10-18T15:23:15","modified_gmt":"2018-10-18T12:23:15","slug":"zaregisriruj-praktiku","status":"publish","type":"page","link":"https:\/\/www.heakodanik.ee\/ru\/kogukonnapraktika\/zaregisriruj-praktiku\/","title":{"rendered":"\u0417\u0430\u0440\u0435\u0433\u0438\u0441\u0442\u0440\u0438\u0440\u0443\u0439 \u043f\u0440\u0430\u043a\u0442\u0438\u043a\u0443"},"content":{"rendered":"<p>\u041d\u0430\u0436\u043c\u0438 \u043d\u0430 \u043d\u0430\u0437\u0432\u0430\u043d\u0438\u0435 \u0441\u0432\u043e\u0435\u0439 \u0448\u043a\u043e\u043b\u044b \u0438 \u043e\u0442\u043c\u0435\u0442\u044c \u043e\u0440\u0433\u0430\u043d\u0438\u0437\u0430\u0446\u0438\u044e, \u0441 \u043a\u043e\u0442\u043e\u0440\u043e\u0439 <strong>\u0442\u044b \u0434\u043e\u0433\u043e\u0432\u043e\u0440\u0438\u043b\u0441\u044f \u043e \u043f\u0440\u043e\u0445\u043e\u0436\u0434\u0435\u043d\u0438\u0438 \u043f\u0440\u0430\u043a\u0442\u0438\u043a\u0438<\/strong>.<\/p>\n<ul>\n<li><a href=\"http:\/\/lingid.ee\/antsla-reg\" target=\"_blank\" rel=\"noopener\">Antsla G\u00fcmnaasium<\/a><\/li>\n<li><a href=\"https:\/\/goo.gl\/forms\/MXRsr0AQsMY8goaw1\" target=\"_blank\" rel=\"noopener\">Hiiumaa G\u00fcmnaasium<\/a><\/li>\n<li><a href=\"https:\/\/docs.google.com\/forms\/d\/e\/1FAIpQLSeewbAe0SlIINZxk5v0mvbWVDZ7yrI4lMWN6cOt7nOqejWg6A\/viewform\" target=\"_blank\" rel=\"noopener\">J\u00f5gevamaa G\u00fcmnaasium<\/a><\/li>\n<li><a href=\"https:\/\/docs.google.com\/forms\/d\/e\/1FAIpQLSeOozbd7leAGyCedYNH2MDA9CvEBiCnB7Ap3xvXB_h_pFy60A\/viewform\" target=\"_blank\" rel=\"noopener\">J\u00f5hvi G\u00fcmnaasium<\/a><\/li>\n<li class=\"rtejustify rteindent2\"><a href=\"https:\/\/goo.gl\/forms\/5VgcB3gqiCuKXVui2\" target=\"_blank\" rel=\"noopener\">Kadrina Keskkool<\/a><\/li>\n<li class=\"rtejustify rteindent2\"><a href=\"https:\/\/goo.gl\/forms\/2HK6FIGBAdRmVAz13\" target=\"_blank\" rel=\"noopener\">Keila Kool<\/a><\/li>\n<li><a href=\"https:\/\/docs.google.com\/forms\/d\/e\/1FAIpQLSe0b7g7x7_XkpXBx3qsL_oEWHP9bSzu_rct9KWSBUsCzxlRMA\/viewform\" target=\"_blank\" rel=\"noopener\">Kivi\u00f5li I Keskkool<\/a><\/li>\n<li><a href=\"https:\/\/docs.google.com\/forms\/d\/e\/1FAIpQLSf8vg4PLl4y8u63FOQWsG8b9YzTXCy-3LOE5glrLMvHgJOyBQ\/viewform\" target=\"_blank\" rel=\"noopener\">Kristjan Jaak Petersoni G\u00fcmnaasium<\/a><\/li>\n<li><a href=\"https:\/\/goo.gl\/forms\/sbxGtcsIiTa7al3n2\" target=\"_blank\" rel=\"noopener\">Kuressaare G\u00fcmnaasium<\/a><\/li>\n<li class=\"rtejustify rteindent2\"><a href=\"https:\/\/goo.gl\/forms\/uwMSixUeH4arcdH92\" target=\"_blank\" rel=\"noopener\">L\u00e4\u00e4nemaa \u00dchisg\u00fcmnasium<\/a><\/li>\n<li><a href=\"https:\/\/goo.gl\/forms\/1ZCR5V1cSlx0T0dh1\" target=\"_blank\" rel=\"noopener\">Narva P\u00e4hklim\u00e4e G\u00fcmnaasium<\/a><\/li>\n<li><a href=\"https:\/\/goo.gl\/forms\/kzETqbU5r3t15Rjr2\" target=\"_blank\" rel=\"noopener\">Narva Sodino G\u00fcmnaasium<\/a><\/li>\n<li><a href=\"https:\/\/docs.google.com\/forms\/d\/e\/1FAIpQLSe3uN3bPgDgYAG9ocvG-I7AC3F2whQNxMdiht3QuiW4VA-SSg\/viewform\" target=\"_blank\" rel=\"noopener\">P\u00f5lva G\u00fcmnaasium<\/a><\/li>\n<li><a href=\"https:\/\/goo.gl\/forms\/iebYPwwsTC4yP3tj2\" target=\"_blank\" rel=\"noopener\">Rakvere G\u00fcmnaasium<\/a><\/li>\n<li class=\"rtejustify rteindent2\"><a href=\"https:\/\/goo.gl\/forms\/0c6ArrDJiDUMctZh2\" target=\"_blank\" rel=\"noopener\">Rakvere Reaalg\u00fcmnaasium<\/a><\/li>\n<li class=\"rtejustify rteindent2\"><a href=\"https:\/\/goo.gl\/forms\/AmoAAM7pgy6XVTnJ3\" target=\"_blank\" rel=\"noopener\">Rapla \u00dchisg\u00fcmnaasium<\/a><\/li>\n<li class=\"rtejustify rteindent2\"><a href=\"https:\/\/goo.gl\/forms\/VbF0wjQJPIr9NCTq1\" target=\"_blank\" rel=\"noopener\">Rapla Vesiroosi G\u00fcmnaasium<\/a><\/li>\n<li><a href=\"https:\/\/goo.gl\/forms\/k5uwMQmXhKDMBBI03\" target=\"_blank\" rel=\"noopener\">Rocca al Mare Kool<\/a><\/li>\n<li><a href=\"https:\/\/goo.gl\/forms\/7akafnoNFxMTaah63\" target=\"_blank\" rel=\"noopener\">Tallinna 32. Keskkool<\/a><\/li>\n<li><a href=\"https:\/\/goo.gl\/forms\/n2dZVoAmrYW5YBVI2\" target=\"_blank\" rel=\"noopener\">Tallinna Kesklinna Vene G\u00fcmnaasium<\/a><\/li>\n<li><a href=\"https:\/\/goo.gl\/forms\/byAeMi3CPYIiJ95Y2\" target=\"_blank\" rel=\"noopener\">Tallinna Mustam\u00e4e Humanitaarg\u00fcmnaasium<\/a><\/li>\n<li class=\"rtejustify rteindent2\"><a href=\"https:\/\/goo.gl\/forms\/pOLtGRtFGxO8ZVdD3\" target=\"_blank\" rel=\"noopener\">Tallinna\u00a0P\u00e4\u00e4sk\u00fcla G\u00fcmnaasium<\/a><\/li>\n<li class=\"rtejustify rteindent2\"><a href=\"https:\/\/docs.google.com\/forms\/d\/e\/1FAIpQLSfpMp51wgcES9iakgWqFBlCQeJ1a03BNbWN7N-WkLK6i9ohNQ\/viewform?c=0&amp;w=1\" target=\"_blank\" rel=\"noopener noreferrer\">Tallinna Saksa G\u00fcmnaasium<\/a><\/li>\n<li class=\"rtejustify rteindent2\"><a href=\"https:\/\/goo.gl\/forms\/gy2bwtjPjAgfxhae2\" target=\"_blank\" rel=\"noopener noreferrer\">Tapa G\u00fcmnaasium<\/a><\/li>\n<li class=\"rtejustify rteindent2\"><a href=\"https:\/\/goo.gl\/forms\/75boApt5j8k5f6fu2\" target=\"_blank\" rel=\"noopener\">Tartu Annelinna G\u00fcmnaasium<\/a><\/li>\n<li class=\"rtejustify rteindent2\"><a href=\"https:\/\/goo.gl\/forms\/uLxc9Q9qrB5oSFID3\" target=\"_blank\" rel=\"noopener\">Tarvastu G\u00fcmnaasium<\/a><\/li>\n<li><a href=\"https:\/\/docs.google.com\/forms\/d\/e\/1FAIpQLScnJnoXOR42RpbdKRZDwUawJwJtnq8CI1hnrPzcKIHSSjyl9g\/viewform\" target=\"_blank\" rel=\"noopener\">Valga G\u00fcmnaasium<\/a><\/li>\n<li class=\"rtejustify rteindent2\"><a href=\"https:\/\/goo.gl\/forms\/lhdgyZ7V4fLZf3Qt2\" target=\"_blank\" rel=\"noopener\">Viljandi G\u00fcmnaasium<\/a><\/li>\n<li class=\"rtejustify rteindent2\"><a href=\"https:\/\/goo.gl\/forms\/g993ypBstCrOuwRB2\" target=\"_blank\" rel=\"noopener\">\u00dclenurme G\u00fcmnaasium<\/a><\/li>\n<\/ul>\n<p class=\"rtejustify\">\n","protected":false},"excerpt":{"rendered":"<p>\u041d\u0430\u0436\u043c\u0438 \u043d\u0430 \u043d\u0430\u0437\u0432\u0430\u043d\u0438\u0435 \u0441\u0432\u043e\u0435\u0439 \u0448\u043a\u043e\u043b\u044b \u0438 \u043e\u0442\u043c\u0435\u0442\u044c \u043e\u0440\u0433\u0430\u043d\u0438\u0437\u0430\u0446\u0438\u044e, \u0441 \u043a\u043e\u0442\u043e\u0440\u043e\u0439 \u0442\u044b \u0434\u043e\u0433\u043e\u0432\u043e\u0440\u0438\u043b\u0441\u044f \u043e \u043f\u0440\u043e\u0445\u043e\u0436\u0434\u0435\u043d\u0438\u0438 \u043f\u0440\u0430\u043a\u0442\u0438\u043a\u0438. Antsla G\u00fcmnaasium Hiiumaa G\u00fcmnaasium J\u00f5gevamaa G\u00fcmnaasium J\u00f5hvi G\u00fcmnaasium Kadrina Keskkool Keila Kool Kivi\u00f5li I Keskkool Kristjan Jaak Petersoni G\u00fcmnaasium Kuressaare G\u00fcmnaasium L\u00e4\u00e4nemaa \u00dchisg\u00fcmnasium Narva P\u00e4hklim\u00e4e G\u00fcmnaasium Narva Sodino G\u00fcmnaasium P\u00f5lva G\u00fcmnaasium Rakvere G\u00fcmnaasium Rakvere Reaalg\u00fcmnaasium Rapla \u00dchisg\u00fcmnaasium Rapla Vesiroosi G\u00fcmnaasium [&hellip;]<\/p>\n","protected":false},"author":12,"featured_media":0,"parent":11980,"menu_order":0,"comment_status":"closed","ping_status":"closed","template":"","meta":{"_acf_changed":false,"footnotes":""},"class_list":["post-11989","page","type-page","status-publish","hentry"],"acf":[],"yoast_head":"<!-- This site is optimized with the Yoast SEO plugin v27.4 - https:\/\/yoast.com\/product\/yoast-seo-wordpress\/ -->\n<title>\u0417\u0430\u0440\u0435\u0433\u0438\u0441\u0442\u0440\u0438\u0440\u0443\u0439 \u043f\u0440\u0430\u043a\u0442\u0438\u043a\u0443 - \u0421\u043e\u044e\u0437 \u043e\u0431\u0449\u0435\u0441\u0442\u0432\u0435\u043d\u043d\u044b\u0445 \u043e\u0431\u044a\u0435\u0434\u0438\u043d\u0435\u043d\u0438\u0439<\/title>\n<meta name=\"robots\" content=\"index, follow, max-snippet:-1, max-image-preview:large, max-video-preview:-1\" \/>\n<link rel=\"canonical\" href=\"https:\/\/heakodanik.ee\/ru\/kogukonnapraktika\/zaregisriruj-praktiku\/\" \/>\n<meta property=\"og:locale\" content=\"ru_RU\" \/>\n<meta property=\"og:type\" content=\"article\" \/>\n<meta property=\"og:title\" content=\"\u0417\u0430\u0440\u0435\u0433\u0438\u0441\u0442\u0440\u0438\u0440\u0443\u0439 \u043f\u0440\u0430\u043a\u0442\u0438\u043a\u0443 - \u0421\u043e\u044e\u0437 \u043e\u0431\u0449\u0435\u0441\u0442\u0432\u0435\u043d\u043d\u044b\u0445 \u043e\u0431\u044a\u0435\u0434\u0438\u043d\u0435\u043d\u0438\u0439\" \/>\n<meta property=\"og:description\" content=\"\u041d\u0430\u0436\u043c\u0438 \u043d\u0430 \u043d\u0430\u0437\u0432\u0430\u043d\u0438\u0435 \u0441\u0432\u043e\u0435\u0439 \u0448\u043a\u043e\u043b\u044b \u0438 \u043e\u0442\u043c\u0435\u0442\u044c \u043e\u0440\u0433\u0430\u043d\u0438\u0437\u0430\u0446\u0438\u044e, \u0441 \u043a\u043e\u0442\u043e\u0440\u043e\u0439 \u0442\u044b \u0434\u043e\u0433\u043e\u0432\u043e\u0440\u0438\u043b\u0441\u044f \u043e \u043f\u0440\u043e\u0445\u043e\u0436\u0434\u0435\u043d\u0438\u0438 \u043f\u0440\u0430\u043a\u0442\u0438\u043a\u0438. Antsla G\u00fcmnaasium Hiiumaa G\u00fcmnaasium J\u00f5gevamaa G\u00fcmnaasium J\u00f5hvi G\u00fcmnaasium Kadrina Keskkool Keila Kool Kivi\u00f5li I Keskkool Kristjan Jaak Petersoni G\u00fcmnaasium Kuressaare G\u00fcmnaasium L\u00e4\u00e4nemaa \u00dchisg\u00fcmnasium Narva P\u00e4hklim\u00e4e G\u00fcmnaasium Narva Sodino G\u00fcmnaasium P\u00f5lva G\u00fcmnaasium Rakvere G\u00fcmnaasium Rakvere Reaalg\u00fcmnaasium Rapla \u00dchisg\u00fcmnaasium Rapla Vesiroosi G\u00fcmnaasium [&hellip;]\" \/>\n<meta property=\"og:url\" content=\"https:\/\/heakodanik.ee\/ru\/kogukonnapraktika\/zaregisriruj-praktiku\/\" \/>\n<meta property=\"og:site_name\" content=\"\u0421\u043e\u044e\u0437 \u043e\u0431\u0449\u0435\u0441\u0442\u0432\u0435\u043d\u043d\u044b\u0445 \u043e\u0431\u044a\u0435\u0434\u0438\u043d\u0435\u043d\u0438\u0439\" \/>\n<meta property=\"article:modified_time\" content=\"2018-10-18T12:23:15+00:00\" \/>\n<meta name=\"twitter:card\" content=\"summary_large_image\" \/>\n<meta name=\"twitter:label1\" content=\"\u041f\u0440\u0438\u043c\u0435\u0440\u043d\u043e\u0435 \u0432\u0440\u0435\u043c\u044f \u0434\u043b\u044f \u0447\u0442\u0435\u043d\u0438\u044f\" \/>\n\t<meta name=\"twitter:data1\" content=\"1 \u043c\u0438\u043d\u0443\u0442\u0430\" \/>\n<script type=\"application\/ld+json\" class=\"yoast-schema-graph\">{\"@context\":\"https:\\\/\\\/schema.org\",\"@graph\":[{\"@type\":\"WebPage\",\"@id\":\"https:\\\/\\\/heakodanik.ee\\\/ru\\\/kogukonnapraktika\\\/zaregisriruj-praktiku\\\/\",\"url\":\"https:\\\/\\\/heakodanik.ee\\\/ru\\\/kogukonnapraktika\\\/zaregisriruj-praktiku\\\/\",\"name\":\"\u0417\u0430\u0440\u0435\u0433\u0438\u0441\u0442\u0440\u0438\u0440\u0443\u0439 \u043f\u0440\u0430\u043a\u0442\u0438\u043a\u0443 - \u0421\u043e\u044e\u0437 \u043e\u0431\u0449\u0435\u0441\u0442\u0432\u0435\u043d\u043d\u044b\u0445 \u043e\u0431\u044a\u0435\u0434\u0438\u043d\u0435\u043d\u0438\u0439\",\"isPartOf\":{\"@id\":\"https:\\\/\\\/www.heakodanik.ee\\\/ru\\\/#website\"},\"datePublished\":\"2017-08-27T09:32:05+00:00\",\"dateModified\":\"2018-10-18T12:23:15+00:00\",\"breadcrumb\":{\"@id\":\"https:\\\/\\\/heakodanik.ee\\\/ru\\\/kogukonnapraktika\\\/zaregisriruj-praktiku\\\/#breadcrumb\"},\"inLanguage\":\"ru-RU\",\"potentialAction\":[{\"@type\":\"ReadAction\",\"target\":[\"https:\\\/\\\/heakodanik.ee\\\/ru\\\/kogukonnapraktika\\\/zaregisriruj-praktiku\\\/\"]}]},{\"@type\":\"BreadcrumbList\",\"@id\":\"https:\\\/\\\/heakodanik.ee\\\/ru\\\/kogukonnapraktika\\\/zaregisriruj-praktiku\\\/#breadcrumb\",\"itemListElement\":[{\"@type\":\"ListItem\",\"position\":1,\"name\":\"Home\",\"item\":\"https:\\\/\\\/www.heakodanik.ee\\\/ru\\\/\"},{\"@type\":\"ListItem\",\"position\":2,\"name\":\"\u041f\u0440\u0430\u043a\u0442\u0438\u043a\u0430 \u0432 \u043e\u0431\u0449\u0435\u0441\u0442\u0432\u0435\u043d\u043d\u043e\u043c \u043e\u0431\u044a\u0435\u0434\u0438\u043d\u0435\u043d\u0438\u0438\",\"item\":\"https:\\\/\\\/heakodanik.ee\\\/ru\\\/kogukonnapraktika\\\/\"},{\"@type\":\"ListItem\",\"position\":3,\"name\":\"\u0417\u0430\u0440\u0435\u0433\u0438\u0441\u0442\u0440\u0438\u0440\u0443\u0439 \u043f\u0440\u0430\u043a\u0442\u0438\u043a\u0443\"}]},{\"@type\":\"WebSite\",\"@id\":\"https:\\\/\\\/www.heakodanik.ee\\\/ru\\\/#website\",\"url\":\"https:\\\/\\\/www.heakodanik.ee\\\/ru\\\/\",\"name\":\"\u0421\u043e\u044e\u0437 \u043e\u0431\u0449\u0435\u0441\u0442\u0432\u0435\u043d\u043d\u044b\u0445 \u043e\u0431\u044a\u0435\u0434\u0438\u043d\u0435\u043d\u0438\u0439\",\"description\":\"\u0421\u043e\u044e\u0437 \u043e\u0431\u0449\u0435\u0441\u0442\u0432\u0435\u043d\u043d\u044b\u0445 \u043e\u0431\u044a\u0435\u0434\u0438\u043d\u0435\u043d\u0438\u0439\",\"potentialAction\":[{\"@type\":\"SearchAction\",\"target\":{\"@type\":\"EntryPoint\",\"urlTemplate\":\"https:\\\/\\\/www.heakodanik.ee\\\/ru\\\/?s={search_term_string}\"},\"query-input\":{\"@type\":\"PropertyValueSpecification\",\"valueRequired\":true,\"valueName\":\"search_term_string\"}}],\"inLanguage\":\"ru-RU\"}]}<\/script>\n<!-- \/ Yoast SEO plugin. -->","yoast_head_json":{"title":"\u0417\u0430\u0440\u0435\u0433\u0438\u0441\u0442\u0440\u0438\u0440\u0443\u0439 \u043f\u0440\u0430\u043a\u0442\u0438\u043a\u0443 - \u0421\u043e\u044e\u0437 \u043e\u0431\u0449\u0435\u0441\u0442\u0432\u0435\u043d\u043d\u044b\u0445 \u043e\u0431\u044a\u0435\u0434\u0438\u043d\u0435\u043d\u0438\u0439","robots":{"index":"index","follow":"follow","max-snippet":"max-snippet:-1","max-image-preview":"max-image-preview:large","max-video-preview":"max-video-preview:-1"},"canonical":"https:\/\/heakodanik.ee\/ru\/kogukonnapraktika\/zaregisriruj-praktiku\/","og_locale":"ru_RU","og_type":"article","og_title":"\u0417\u0430\u0440\u0435\u0433\u0438\u0441\u0442\u0440\u0438\u0440\u0443\u0439 \u043f\u0440\u0430\u043a\u0442\u0438\u043a\u0443 - \u0421\u043e\u044e\u0437 \u043e\u0431\u0449\u0435\u0441\u0442\u0432\u0435\u043d\u043d\u044b\u0445 \u043e\u0431\u044a\u0435\u0434\u0438\u043d\u0435\u043d\u0438\u0439","og_description":"\u041d\u0430\u0436\u043c\u0438 \u043d\u0430 \u043d\u0430\u0437\u0432\u0430\u043d\u0438\u0435 \u0441\u0432\u043e\u0435\u0439 \u0448\u043a\u043e\u043b\u044b \u0438 \u043e\u0442\u043c\u0435\u0442\u044c \u043e\u0440\u0433\u0430\u043d\u0438\u0437\u0430\u0446\u0438\u044e, \u0441 \u043a\u043e\u0442\u043e\u0440\u043e\u0439 \u0442\u044b \u0434\u043e\u0433\u043e\u0432\u043e\u0440\u0438\u043b\u0441\u044f \u043e \u043f\u0440\u043e\u0445\u043e\u0436\u0434\u0435\u043d\u0438\u0438 \u043f\u0440\u0430\u043a\u0442\u0438\u043a\u0438. Antsla G\u00fcmnaasium Hiiumaa G\u00fcmnaasium J\u00f5gevamaa G\u00fcmnaasium J\u00f5hvi G\u00fcmnaasium Kadrina Keskkool Keila Kool Kivi\u00f5li I Keskkool Kristjan Jaak Petersoni G\u00fcmnaasium Kuressaare G\u00fcmnaasium L\u00e4\u00e4nemaa \u00dchisg\u00fcmnasium Narva P\u00e4hklim\u00e4e G\u00fcmnaasium Narva Sodino G\u00fcmnaasium P\u00f5lva G\u00fcmnaasium Rakvere G\u00fcmnaasium Rakvere Reaalg\u00fcmnaasium Rapla \u00dchisg\u00fcmnaasium Rapla Vesiroosi G\u00fcmnaasium [&hellip;]","og_url":"https:\/\/heakodanik.ee\/ru\/kogukonnapraktika\/zaregisriruj-praktiku\/","og_site_name":"\u0421\u043e\u044e\u0437 \u043e\u0431\u0449\u0435\u0441\u0442\u0432\u0435\u043d\u043d\u044b\u0445 \u043e\u0431\u044a\u0435\u0434\u0438\u043d\u0435\u043d\u0438\u0439","article_modified_time":"2018-10-18T12:23:15+00:00","twitter_card":"summary_large_image","twitter_misc":{"\u041f\u0440\u0438\u043c\u0435\u0440\u043d\u043e\u0435 \u0432\u0440\u0435\u043c\u044f \u0434\u043b\u044f \u0447\u0442\u0435\u043d\u0438\u044f":"1 \u043c\u0438\u043d\u0443\u0442\u0430"},"schema":{"@context":"https:\/\/schema.org","@graph":[{"@type":"WebPage","@id":"https:\/\/heakodanik.ee\/ru\/kogukonnapraktika\/zaregisriruj-praktiku\/","url":"https:\/\/heakodanik.ee\/ru\/kogukonnapraktika\/zaregisriruj-praktiku\/","name":"\u0417\u0430\u0440\u0435\u0433\u0438\u0441\u0442\u0440\u0438\u0440\u0443\u0439 \u043f\u0440\u0430\u043a\u0442\u0438\u043a\u0443 - \u0421\u043e\u044e\u0437 \u043e\u0431\u0449\u0435\u0441\u0442\u0432\u0435\u043d\u043d\u044b\u0445 \u043e\u0431\u044a\u0435\u0434\u0438\u043d\u0435\u043d\u0438\u0439","isPartOf":{"@id":"https:\/\/www.heakodanik.ee\/ru\/#website"},"datePublished":"2017-08-27T09:32:05+00:00","dateModified":"2018-10-18T12:23:15+00:00","breadcrumb":{"@id":"https:\/\/heakodanik.ee\/ru\/kogukonnapraktika\/zaregisriruj-praktiku\/#breadcrumb"},"inLanguage":"ru-RU","potentialAction":[{"@type":"ReadAction","target":["https:\/\/heakodanik.ee\/ru\/kogukonnapraktika\/zaregisriruj-praktiku\/"]}]},{"@type":"BreadcrumbList","@id":"https:\/\/heakodanik.ee\/ru\/kogukonnapraktika\/zaregisriruj-praktiku\/#breadcrumb","itemListElement":[{"@type":"ListItem","position":1,"name":"Home","item":"https:\/\/www.heakodanik.ee\/ru\/"},{"@type":"ListItem","position":2,"name":"\u041f\u0440\u0430\u043a\u0442\u0438\u043a\u0430 \u0432 \u043e\u0431\u0449\u0435\u0441\u0442\u0432\u0435\u043d\u043d\u043e\u043c \u043e\u0431\u044a\u0435\u0434\u0438\u043d\u0435\u043d\u0438\u0438","item":"https:\/\/heakodanik.ee\/ru\/kogukonnapraktika\/"},{"@type":"ListItem","position":3,"name":"\u0417\u0430\u0440\u0435\u0433\u0438\u0441\u0442\u0440\u0438\u0440\u0443\u0439 \u043f\u0440\u0430\u043a\u0442\u0438\u043a\u0443"}]},{"@type":"WebSite","@id":"https:\/\/www.heakodanik.ee\/ru\/#website","url":"https:\/\/www.heakodanik.ee\/ru\/","name":"\u0421\u043e\u044e\u0437 \u043e\u0431\u0449\u0435\u0441\u0442\u0432\u0435\u043d\u043d\u044b\u0445 \u043e\u0431\u044a\u0435\u0434\u0438\u043d\u0435\u043d\u0438\u0439","description":"\u0421\u043e\u044e\u0437 \u043e\u0431\u0449\u0435\u0441\u0442\u0432\u0435\u043d\u043d\u044b\u0445 \u043e\u0431\u044a\u0435\u0434\u0438\u043d\u0435\u043d\u0438\u0439","potentialAction":[{"@type":"SearchAction","target":{"@type":"EntryPoint","urlTemplate":"https:\/\/www.heakodanik.ee\/ru\/?s={search_term_string}"},"query-input":{"@type":"PropertyValueSpecification","valueRequired":true,"valueName":"search_term_string"}}],"inLanguage":"ru-RU"}]}},"_links":{"self":[{"href":"https:\/\/www.heakodanik.ee\/ru\/wp-json\/wp\/v2\/pages\/11989","targetHints":{"allow":["GET"]}}],"collection":[{"href":"https:\/\/www.heakodanik.ee\/ru\/wp-json\/wp\/v2\/pages"}],"about":[{"href":"https:\/\/www.heakodanik.ee\/ru\/wp-json\/wp\/v2\/types\/page"}],"author":[{"embeddable":true,"href":"https:\/\/www.heakodanik.ee\/ru\/wp-json\/wp\/v2\/users\/12"}],"replies":[{"embeddable":true,"href":"https:\/\/www.heakodanik.ee\/ru\/wp-json\/wp\/v2\/comments?post=11989"}],"version-history":[{"count":5,"href":"https:\/\/www.heakodanik.ee\/ru\/wp-json\/wp\/v2\/pages\/11989\/revisions"}],"predecessor-version":[{"id":13244,"href":"https:\/\/www.heakodanik.ee\/ru\/wp-json\/wp\/v2\/pages\/11989\/revisions\/13244"}],"up":[{"embeddable":true,"href":"https:\/\/www.heakodanik.ee\/ru\/wp-json\/wp\/v2\/pages\/11980"}],"wp:attachment":[{"href":"https:\/\/www.heakodanik.ee\/ru\/wp-json\/wp\/v2\/media?parent=11989"}],"curies":[{"name":"wp","href":"https:\/\/api.w.org\/{rel}","templated":true}]}}