{"id":13271,"date":"2018-10-29T22:03:19","date_gmt":"2018-10-29T20:03:19","guid":{"rendered":"https:\/\/heakodanik.ee\/ru\/?page_id=13271"},"modified":"2018-11-20T10:15:56","modified_gmt":"2018-11-20T08:15:56","slug":"koolid","status":"publish","type":"page","link":"https:\/\/www.heakodanik.ee\/ru\/kogukonnapraktika\/koolid\/","title":{"rendered":"\u0428\u043a\u043e\u043b\u044b, \u0433\u0434\u0435 \u0435\u0441\u0442\u044c \u043f\u0440\u0430\u043a\u0442\u0438\u043a\u0430 \u0432 \u043e\u0431\u0449\u0435\u0441\u0442\u0432\u0435\u043d\u043d\u043e\u043c \u043e\u0431\u044a\u0435\u0434\u0438\u043d\u0435\u043d\u0438\u0438"},"content":{"rendered":"<ul>\n<li><strong>\u0425\u0430\u0440\u044c\u044e\u043c\u0430\u0430<\/strong>\n<ul>\n<li>J\u00fcri G\u00fcmnaasium<\/li>\n<li>Keila Kool<\/li>\n<li>Rocca Al Mare Kool<\/li>\n<li>Tallinna 32. Keskkool<\/li>\n<li>Tallinna Kesklinna Vene G\u00fcmnaasium<\/li>\n<li>Tallinna Laagna G\u00fcmnaasium<\/li>\n<li>Tallinna Mustam\u00e4e Humanitaarg\u00fcmnaasium<\/li>\n<li>Tallinna Prantsuse L\u00fctseum<\/li>\n<li>Tallinna P\u00e4\u00e4sk\u00fcla G\u00fcmnaasium<\/li>\n<li>Tallinna Saksa G\u00fcmnaasium<\/li>\n<li>Kadrioru Saksa G\u00fcmnaasium<\/li>\n<li>Viimsi G\u00fcmnaasium<\/li>\n<li>Viimsi Kool<\/li>\n<\/ul>\n<\/li>\n<li><strong>\u0425\u0438\u0438\u0443\u043c\u0430\u0430<\/strong>\n<ul>\n<li>Hiiumaa G\u00fcmnaasium<\/li>\n<\/ul>\n<\/li>\n<li><strong>\u0418\u0434\u0430-\u0412\u0438\u0440\u0443\u043c\u0430\u0430<\/strong>\n<ul>\n<li>J\u00f5hvi G\u00fcmnaasium<\/li>\n<li>Kivi\u00f5li I Keskkool<\/li>\n<li>Narva Soldino G\u00fcmnaasium<\/li>\n<li>Narva P\u00e4hklim\u00e4e G\u00fcmnaasium<\/li>\n<\/ul>\n<\/li>\n<li><strong>\u0419\u044b\u0433\u0435\u0432\u0430\u043c\u0430\u0430<\/strong>\n<ul>\n<li>J\u00f5gevamaa G\u00fcmnaasium<\/li>\n<\/ul>\n<\/li>\n<li><strong>\u042f\u0440\u0432\u0430\u043c\u0430\u0430<\/strong>\n<ul>\n<li>Paide G\u00fcmnaasium<\/li>\n<li>Aravete Keskkool<\/li>\n<\/ul>\n<\/li>\n<li><strong>\u041b\u044f\u044d\u043d\u0435\u043c\u0430\u0430<\/strong>\n<ul>\n<li>L\u00e4\u00e4nemaa \u00dchisg\u00fcmnaasium<\/li>\n<\/ul>\n<\/li>\n<li><strong>\u041b\u044f\u044d\u043d\u0435-\u0412\u0438\u0440\u0443\u043c\u0430\u0430<\/strong>\n<ul>\n<li>Kadrina Keskkool<\/li>\n<li>Rakvere G\u00fcmnaasium<\/li>\n<li>Rakvere Reaalg\u00fcmnaasium<\/li>\n<li>Tapa G\u00fcmnaasium<\/li>\n<li>Kiltsi P\u00f5hikool<\/li>\n<\/ul>\n<\/li>\n<li><strong>\u041f\u044b\u043b\u0432\u0430\u043c\u0430\u0430<\/strong>\n<ul>\n<li>P\u00f5lva G\u00fcmnaasium<\/li>\n<\/ul>\n<\/li>\n<li><strong>\u041f\u044f\u0440\u043d\u0443\u043c\u0430\u0430<\/strong>\n<ul>\n<li>P\u00e4rnu Koidula G\u00fcmnaasium<\/li>\n<\/ul>\n<\/li>\n<li><strong>\u0420\u0430\u043f\u043b\u0430\u043c\u0430\u0430<\/strong>\n<ul>\n<li>Rapla Vesiroosi Kool<\/li>\n<li>Kohila G\u00fcmnaasium<\/li>\n<\/ul>\n<\/li>\n<li><strong>\u0421\u0430\u0430\u0440\u0435\u043c\u0430\u0430<\/strong>\n<ul>\n<li>Kuressaare G\u00fcmnaasium<\/li>\n<\/ul>\n<\/li>\n<li><strong>\u0422\u0430\u0440\u0442\u0443\u043c\u0430\u0430<\/strong>\n<ul>\n<li>Hugo Treffneri G\u00fcmnaasium<\/li>\n<li>Kristjan Jaak Petersoni G\u00fcmnaasium<\/li>\n<li>Tartu Annelinna G\u00fcmnaasium<\/li>\n<li>Tartu Jaan Poska G\u00fcmnaasium<\/li>\n<li>\u00dclenurme G\u00fcmnaasium<\/li>\n<\/ul>\n<\/li>\n<li><strong>\u0412\u0430\u043b\u0433\u0430\u043c\u0430\u0430<\/strong>\n<ul>\n<li>Valga G\u00fcmnaasium<\/li>\n<\/ul>\n<\/li>\n<li><strong>\u0412\u0438\u043b\u044c\u044f\u043d\u0434\u0438\u043c\u0430\u0430<\/strong>\n<ul>\n<li>Tarvastu G\u00fcmnaasium<\/li>\n<li>Viljandi G\u00fcmnaasium<\/li>\n<\/ul>\n<\/li>\n<li><strong>\u0412\u044b\u0440\u0443\u043c\u0430\u0430<\/strong>\n<ul>\n<li>Antsla G\u00fcmnaasium<\/li>\n<\/ul>\n<\/li>\n<\/ul>\n","protected":false},"excerpt":{"rendered":"<p>\u0425\u0430\u0440\u044c\u044e\u043c\u0430\u0430 J\u00fcri G\u00fcmnaasium Keila Kool Rocca Al Mare Kool Tallinna 32. Keskkool Tallinna Kesklinna Vene G\u00fcmnaasium Tallinna Laagna G\u00fcmnaasium Tallinna Mustam\u00e4e Humanitaarg\u00fcmnaasium Tallinna Prantsuse L\u00fctseum Tallinna P\u00e4\u00e4sk\u00fcla G\u00fcmnaasium Tallinna Saksa G\u00fcmnaasium Kadrioru Saksa G\u00fcmnaasium Viimsi G\u00fcmnaasium Viimsi Kool \u0425\u0438\u0438\u0443\u043c\u0430\u0430 Hiiumaa G\u00fcmnaasium \u0418\u0434\u0430-\u0412\u0438\u0440\u0443\u043c\u0430\u0430 J\u00f5hvi G\u00fcmnaasium Kivi\u00f5li I Keskkool Narva Soldino G\u00fcmnaasium Narva P\u00e4hklim\u00e4e G\u00fcmnaasium \u0419\u044b\u0433\u0435\u0432\u0430\u043c\u0430\u0430 J\u00f5gevamaa [&hellip;]<\/p>\n","protected":false},"author":16,"featured_media":0,"parent":11980,"menu_order":0,"comment_status":"closed","ping_status":"closed","template":"","meta":{"_acf_changed":false,"footnotes":""},"class_list":["post-13271","page","type-page","status-publish","hentry"],"acf":[],"yoast_head":"<!-- This site is optimized with the Yoast SEO plugin v27.4 - https:\/\/yoast.com\/product\/yoast-seo-wordpress\/ -->\n<title>\u0428\u043a\u043e\u043b\u044b, \u0433\u0434\u0435 \u0435\u0441\u0442\u044c \u043f\u0440\u0430\u043a\u0442\u0438\u043a\u0430 \u0432 \u043e\u0431\u0449\u0435\u0441\u0442\u0432\u0435\u043d\u043d\u043e\u043c \u043e\u0431\u044a\u0435\u0434\u0438\u043d\u0435\u043d\u0438\u0438 - \u0421\u043e\u044e\u0437 \u043e\u0431\u0449\u0435\u0441\u0442\u0432\u0435\u043d\u043d\u044b\u0445 \u043e\u0431\u044a\u0435\u0434\u0438\u043d\u0435\u043d\u0438\u0439<\/title>\n<meta name=\"robots\" content=\"index, follow, max-snippet:-1, max-image-preview:large, max-video-preview:-1\" \/>\n<link rel=\"canonical\" href=\"https:\/\/heakodanik.ee\/ru\/kogukonnapraktika\/koolid\/\" \/>\n<meta property=\"og:locale\" content=\"ru_RU\" \/>\n<meta property=\"og:type\" content=\"article\" \/>\n<meta property=\"og:title\" content=\"\u0428\u043a\u043e\u043b\u044b, \u0433\u0434\u0435 \u0435\u0441\u0442\u044c \u043f\u0440\u0430\u043a\u0442\u0438\u043a\u0430 \u0432 \u043e\u0431\u0449\u0435\u0441\u0442\u0432\u0435\u043d\u043d\u043e\u043c \u043e\u0431\u044a\u0435\u0434\u0438\u043d\u0435\u043d\u0438\u0438 - \u0421\u043e\u044e\u0437 \u043e\u0431\u0449\u0435\u0441\u0442\u0432\u0435\u043d\u043d\u044b\u0445 \u043e\u0431\u044a\u0435\u0434\u0438\u043d\u0435\u043d\u0438\u0439\" \/>\n<meta property=\"og:description\" content=\"\u0425\u0430\u0440\u044c\u044e\u043c\u0430\u0430 J\u00fcri G\u00fcmnaasium Keila Kool Rocca Al Mare Kool Tallinna 32. Keskkool Tallinna Kesklinna Vene G\u00fcmnaasium Tallinna Laagna G\u00fcmnaasium Tallinna Mustam\u00e4e Humanitaarg\u00fcmnaasium Tallinna Prantsuse L\u00fctseum Tallinna P\u00e4\u00e4sk\u00fcla G\u00fcmnaasium Tallinna Saksa G\u00fcmnaasium Kadrioru Saksa G\u00fcmnaasium Viimsi G\u00fcmnaasium Viimsi Kool \u0425\u0438\u0438\u0443\u043c\u0430\u0430 Hiiumaa G\u00fcmnaasium \u0418\u0434\u0430-\u0412\u0438\u0440\u0443\u043c\u0430\u0430 J\u00f5hvi G\u00fcmnaasium Kivi\u00f5li I Keskkool Narva Soldino G\u00fcmnaasium Narva P\u00e4hklim\u00e4e G\u00fcmnaasium \u0419\u044b\u0433\u0435\u0432\u0430\u043c\u0430\u0430 J\u00f5gevamaa [&hellip;]\" \/>\n<meta property=\"og:url\" content=\"https:\/\/heakodanik.ee\/ru\/kogukonnapraktika\/koolid\/\" \/>\n<meta property=\"og:site_name\" content=\"\u0421\u043e\u044e\u0437 \u043e\u0431\u0449\u0435\u0441\u0442\u0432\u0435\u043d\u043d\u044b\u0445 \u043e\u0431\u044a\u0435\u0434\u0438\u043d\u0435\u043d\u0438\u0439\" \/>\n<meta property=\"article:modified_time\" content=\"2018-11-20T08:15:56+00:00\" \/>\n<meta name=\"twitter:card\" content=\"summary_large_image\" \/>\n<meta name=\"twitter:label1\" content=\"\u041f\u0440\u0438\u043c\u0435\u0440\u043d\u043e\u0435 \u0432\u0440\u0435\u043c\u044f \u0434\u043b\u044f \u0447\u0442\u0435\u043d\u0438\u044f\" \/>\n\t<meta name=\"twitter:data1\" content=\"1 \u043c\u0438\u043d\u0443\u0442\u0430\" \/>\n<script type=\"application\/ld+json\" class=\"yoast-schema-graph\">{\"@context\":\"https:\\\/\\\/schema.org\",\"@graph\":[{\"@type\":\"WebPage\",\"@id\":\"https:\\\/\\\/heakodanik.ee\\\/ru\\\/kogukonnapraktika\\\/koolid\\\/\",\"url\":\"https:\\\/\\\/heakodanik.ee\\\/ru\\\/kogukonnapraktika\\\/koolid\\\/\",\"name\":\"\u0428\u043a\u043e\u043b\u044b, \u0433\u0434\u0435 \u0435\u0441\u0442\u044c \u043f\u0440\u0430\u043a\u0442\u0438\u043a\u0430 \u0432 \u043e\u0431\u0449\u0435\u0441\u0442\u0432\u0435\u043d\u043d\u043e\u043c \u043e\u0431\u044a\u0435\u0434\u0438\u043d\u0435\u043d\u0438\u0438 - \u0421\u043e\u044e\u0437 \u043e\u0431\u0449\u0435\u0441\u0442\u0432\u0435\u043d\u043d\u044b\u0445 \u043e\u0431\u044a\u0435\u0434\u0438\u043d\u0435\u043d\u0438\u0439\",\"isPartOf\":{\"@id\":\"https:\\\/\\\/heakodanik.ee\\\/ru\\\/#website\"},\"datePublished\":\"2018-10-29T20:03:19+00:00\",\"dateModified\":\"2018-11-20T08:15:56+00:00\",\"breadcrumb\":{\"@id\":\"https:\\\/\\\/heakodanik.ee\\\/ru\\\/kogukonnapraktika\\\/koolid\\\/#breadcrumb\"},\"inLanguage\":\"ru-RU\",\"potentialAction\":[{\"@type\":\"ReadAction\",\"target\":[\"https:\\\/\\\/heakodanik.ee\\\/ru\\\/kogukonnapraktika\\\/koolid\\\/\"]}]},{\"@type\":\"BreadcrumbList\",\"@id\":\"https:\\\/\\\/heakodanik.ee\\\/ru\\\/kogukonnapraktika\\\/koolid\\\/#breadcrumb\",\"itemListElement\":[{\"@type\":\"ListItem\",\"position\":1,\"name\":\"Home\",\"item\":\"https:\\\/\\\/heakodanik.ee\\\/ru\\\/\"},{\"@type\":\"ListItem\",\"position\":2,\"name\":\"\u041f\u0440\u0430\u043a\u0442\u0438\u043a\u0430 \u0432 \u043e\u0431\u0449\u0435\u0441\u0442\u0432\u0435\u043d\u043d\u043e\u043c \u043e\u0431\u044a\u0435\u0434\u0438\u043d\u0435\u043d\u0438\u0438\",\"item\":\"https:\\\/\\\/www.heakodanik.ee\\\/ru\\\/kogukonnapraktika\\\/\"},{\"@type\":\"ListItem\",\"position\":3,\"name\":\"\u0428\u043a\u043e\u043b\u044b, \u0433\u0434\u0435 \u0435\u0441\u0442\u044c \u043f\u0440\u0430\u043a\u0442\u0438\u043a\u0430 \u0432 \u043e\u0431\u0449\u0435\u0441\u0442\u0432\u0435\u043d\u043d\u043e\u043c \u043e\u0431\u044a\u0435\u0434\u0438\u043d\u0435\u043d\u0438\u0438\"}]},{\"@type\":\"WebSite\",\"@id\":\"https:\\\/\\\/heakodanik.ee\\\/ru\\\/#website\",\"url\":\"https:\\\/\\\/heakodanik.ee\\\/ru\\\/\",\"name\":\"\u0421\u043e\u044e\u0437 \u043e\u0431\u0449\u0435\u0441\u0442\u0432\u0435\u043d\u043d\u044b\u0445 \u043e\u0431\u044a\u0435\u0434\u0438\u043d\u0435\u043d\u0438\u0439\",\"description\":\"\u0421\u043e\u044e\u0437 \u043e\u0431\u0449\u0435\u0441\u0442\u0432\u0435\u043d\u043d\u044b\u0445 \u043e\u0431\u044a\u0435\u0434\u0438\u043d\u0435\u043d\u0438\u0439\",\"potentialAction\":[{\"@type\":\"SearchAction\",\"target\":{\"@type\":\"EntryPoint\",\"urlTemplate\":\"https:\\\/\\\/heakodanik.ee\\\/ru\\\/?s={search_term_string}\"},\"query-input\":{\"@type\":\"PropertyValueSpecification\",\"valueRequired\":true,\"valueName\":\"search_term_string\"}}],\"inLanguage\":\"ru-RU\"}]}<\/script>\n<!-- \/ Yoast SEO plugin. -->","yoast_head_json":{"title":"\u0428\u043a\u043e\u043b\u044b, \u0433\u0434\u0435 \u0435\u0441\u0442\u044c \u043f\u0440\u0430\u043a\u0442\u0438\u043a\u0430 \u0432 \u043e\u0431\u0449\u0435\u0441\u0442\u0432\u0435\u043d\u043d\u043e\u043c \u043e\u0431\u044a\u0435\u0434\u0438\u043d\u0435\u043d\u0438\u0438 - \u0421\u043e\u044e\u0437 \u043e\u0431\u0449\u0435\u0441\u0442\u0432\u0435\u043d\u043d\u044b\u0445 \u043e\u0431\u044a\u0435\u0434\u0438\u043d\u0435\u043d\u0438\u0439","robots":{"index":"index","follow":"follow","max-snippet":"max-snippet:-1","max-image-preview":"max-image-preview:large","max-video-preview":"max-video-preview:-1"},"canonical":"https:\/\/heakodanik.ee\/ru\/kogukonnapraktika\/koolid\/","og_locale":"ru_RU","og_type":"article","og_title":"\u0428\u043a\u043e\u043b\u044b, \u0433\u0434\u0435 \u0435\u0441\u0442\u044c \u043f\u0440\u0430\u043a\u0442\u0438\u043a\u0430 \u0432 \u043e\u0431\u0449\u0435\u0441\u0442\u0432\u0435\u043d\u043d\u043e\u043c \u043e\u0431\u044a\u0435\u0434\u0438\u043d\u0435\u043d\u0438\u0438 - \u0421\u043e\u044e\u0437 \u043e\u0431\u0449\u0435\u0441\u0442\u0432\u0435\u043d\u043d\u044b\u0445 \u043e\u0431\u044a\u0435\u0434\u0438\u043d\u0435\u043d\u0438\u0439","og_description":"\u0425\u0430\u0440\u044c\u044e\u043c\u0430\u0430 J\u00fcri G\u00fcmnaasium Keila Kool Rocca Al Mare Kool Tallinna 32. Keskkool Tallinna Kesklinna Vene G\u00fcmnaasium Tallinna Laagna G\u00fcmnaasium Tallinna Mustam\u00e4e Humanitaarg\u00fcmnaasium Tallinna Prantsuse L\u00fctseum Tallinna P\u00e4\u00e4sk\u00fcla G\u00fcmnaasium Tallinna Saksa G\u00fcmnaasium Kadrioru Saksa G\u00fcmnaasium Viimsi G\u00fcmnaasium Viimsi Kool \u0425\u0438\u0438\u0443\u043c\u0430\u0430 Hiiumaa G\u00fcmnaasium \u0418\u0434\u0430-\u0412\u0438\u0440\u0443\u043c\u0430\u0430 J\u00f5hvi G\u00fcmnaasium Kivi\u00f5li I Keskkool Narva Soldino G\u00fcmnaasium Narva P\u00e4hklim\u00e4e G\u00fcmnaasium \u0419\u044b\u0433\u0435\u0432\u0430\u043c\u0430\u0430 J\u00f5gevamaa [&hellip;]","og_url":"https:\/\/heakodanik.ee\/ru\/kogukonnapraktika\/koolid\/","og_site_name":"\u0421\u043e\u044e\u0437 \u043e\u0431\u0449\u0435\u0441\u0442\u0432\u0435\u043d\u043d\u044b\u0445 \u043e\u0431\u044a\u0435\u0434\u0438\u043d\u0435\u043d\u0438\u0439","article_modified_time":"2018-11-20T08:15:56+00:00","twitter_card":"summary_large_image","twitter_misc":{"\u041f\u0440\u0438\u043c\u0435\u0440\u043d\u043e\u0435 \u0432\u0440\u0435\u043c\u044f \u0434\u043b\u044f \u0447\u0442\u0435\u043d\u0438\u044f":"1 \u043c\u0438\u043d\u0443\u0442\u0430"},"schema":{"@context":"https:\/\/schema.org","@graph":[{"@type":"WebPage","@id":"https:\/\/heakodanik.ee\/ru\/kogukonnapraktika\/koolid\/","url":"https:\/\/heakodanik.ee\/ru\/kogukonnapraktika\/koolid\/","name":"\u0428\u043a\u043e\u043b\u044b, \u0433\u0434\u0435 \u0435\u0441\u0442\u044c \u043f\u0440\u0430\u043a\u0442\u0438\u043a\u0430 \u0432 \u043e\u0431\u0449\u0435\u0441\u0442\u0432\u0435\u043d\u043d\u043e\u043c \u043e\u0431\u044a\u0435\u0434\u0438\u043d\u0435\u043d\u0438\u0438 - \u0421\u043e\u044e\u0437 \u043e\u0431\u0449\u0435\u0441\u0442\u0432\u0435\u043d\u043d\u044b\u0445 \u043e\u0431\u044a\u0435\u0434\u0438\u043d\u0435\u043d\u0438\u0439","isPartOf":{"@id":"https:\/\/heakodanik.ee\/ru\/#website"},"datePublished":"2018-10-29T20:03:19+00:00","dateModified":"2018-11-20T08:15:56+00:00","breadcrumb":{"@id":"https:\/\/heakodanik.ee\/ru\/kogukonnapraktika\/koolid\/#breadcrumb"},"inLanguage":"ru-RU","potentialAction":[{"@type":"ReadAction","target":["https:\/\/heakodanik.ee\/ru\/kogukonnapraktika\/koolid\/"]}]},{"@type":"BreadcrumbList","@id":"https:\/\/heakodanik.ee\/ru\/kogukonnapraktika\/koolid\/#breadcrumb","itemListElement":[{"@type":"ListItem","position":1,"name":"Home","item":"https:\/\/heakodanik.ee\/ru\/"},{"@type":"ListItem","position":2,"name":"\u041f\u0440\u0430\u043a\u0442\u0438\u043a\u0430 \u0432 \u043e\u0431\u0449\u0435\u0441\u0442\u0432\u0435\u043d\u043d\u043e\u043c \u043e\u0431\u044a\u0435\u0434\u0438\u043d\u0435\u043d\u0438\u0438","item":"https:\/\/www.heakodanik.ee\/ru\/kogukonnapraktika\/"},{"@type":"ListItem","position":3,"name":"\u0428\u043a\u043e\u043b\u044b, \u0433\u0434\u0435 \u0435\u0441\u0442\u044c \u043f\u0440\u0430\u043a\u0442\u0438\u043a\u0430 \u0432 \u043e\u0431\u0449\u0435\u0441\u0442\u0432\u0435\u043d\u043d\u043e\u043c \u043e\u0431\u044a\u0435\u0434\u0438\u043d\u0435\u043d\u0438\u0438"}]},{"@type":"WebSite","@id":"https:\/\/heakodanik.ee\/ru\/#website","url":"https:\/\/heakodanik.ee\/ru\/","name":"\u0421\u043e\u044e\u0437 \u043e\u0431\u0449\u0435\u0441\u0442\u0432\u0435\u043d\u043d\u044b\u0445 \u043e\u0431\u044a\u0435\u0434\u0438\u043d\u0435\u043d\u0438\u0439","description":"\u0421\u043e\u044e\u0437 \u043e\u0431\u0449\u0435\u0441\u0442\u0432\u0435\u043d\u043d\u044b\u0445 \u043e\u0431\u044a\u0435\u0434\u0438\u043d\u0435\u043d\u0438\u0439","potentialAction":[{"@type":"SearchAction","target":{"@type":"EntryPoint","urlTemplate":"https:\/\/heakodanik.ee\/ru\/?s={search_term_string}"},"query-input":{"@type":"PropertyValueSpecification","valueRequired":true,"valueName":"search_term_string"}}],"inLanguage":"ru-RU"}]}},"_links":{"self":[{"href":"https:\/\/www.heakodanik.ee\/ru\/wp-json\/wp\/v2\/pages\/13271","targetHints":{"allow":["GET"]}}],"collection":[{"href":"https:\/\/www.heakodanik.ee\/ru\/wp-json\/wp\/v2\/pages"}],"about":[{"href":"https:\/\/www.heakodanik.ee\/ru\/wp-json\/wp\/v2\/types\/page"}],"author":[{"embeddable":true,"href":"https:\/\/www.heakodanik.ee\/ru\/wp-json\/wp\/v2\/users\/16"}],"replies":[{"embeddable":true,"href":"https:\/\/www.heakodanik.ee\/ru\/wp-json\/wp\/v2\/comments?post=13271"}],"version-history":[{"count":4,"href":"https:\/\/www.heakodanik.ee\/ru\/wp-json\/wp\/v2\/pages\/13271\/revisions"}],"predecessor-version":[{"id":13331,"href":"https:\/\/www.heakodanik.ee\/ru\/wp-json\/wp\/v2\/pages\/13271\/revisions\/13331"}],"up":[{"embeddable":true,"href":"https:\/\/www.heakodanik.ee\/ru\/wp-json\/wp\/v2\/pages\/11980"}],"wp:attachment":[{"href":"https:\/\/www.heakodanik.ee\/ru\/wp-json\/wp\/v2\/media?parent=13271"}],"curies":[{"name":"wp","href":"https:\/\/api.w.org\/{rel}","templated":true}]}}